{"id":429,"date":"2018-06-06T09:54:05","date_gmt":"2018-06-06T07:54:05","guid":{"rendered":"http:\/\/maitagar.novae.website\/?page_id=429"},"modified":"2022-04-04T16:17:55","modified_gmt":"2022-04-04T14:17:55","slug":"notas-legales","status":"publish","type":"page","link":"https:\/\/www.hotel-maitagaria.com\/es\/notas-legales\/","title":{"rendered":"Notas legales"},"content":{"rendered":"<div id='layer_slider_1' class='avia-layerslider main_color avia-shadow  container_wrap sidebar_right'    style='height: 251px;' ><link href=\"https:\/\/fonts.googleapis.com\/css?family=Mr+De+Haviland:400%7CLato:100%7CMontserrat:200\" rel=\"stylesheet\" property=\"stylesheet\" type=\"text\/css\" media=\"all\">\n<div id=\"rev_slider_12_1_wrapper\" class=\"rev_slider_wrapper fullwidthbanner-container\" data-source=\"gallery\" style=\"margin:0px auto;background:transparent;padding:0px;margin-top:0px;margin-bottom:0px;\">\n<!-- START REVOLUTION SLIDER 5.4.7.2 fullwidth mode -->\n\t<div id=\"rev_slider_12_1\" class=\"rev_slider fullwidthabanner\" style=\"display:none;\" data-version=\"5.4.7.2\">\n<ul>\t<!-- SLIDE  -->\n\t<li data-index=\"rs-26\" data-transition=\"fade\" data-slotamount=\"default\" data-hideafterloop=\"0\" data-hideslideonmobile=\"off\"  data-easein=\"default\" data-easeout=\"default\" data-masterspeed=\"300\"  data-rotate=\"0\"  data-saveperformance=\"off\"  data-title=\"Slide\" data-param1=\"\" data-param2=\"\" data-param3=\"\" data-param4=\"\" data-param5=\"\" data-param6=\"\" data-param7=\"\" data-param8=\"\" data-param9=\"\" data-param10=\"\" data-description=\"\">\n\t\t<!-- MAIN IMAGE -->\n\t\t<img loading=\"lazy\" decoding=\"async\" src=\"https:\/\/www.hotel-maitagaria.com\/wp-content\/uploads\/2018\/05\/MG_1691-min.jpg\"  alt=\"\" title=\"_MG_1691-min\"  width=\"4752\" height=\"3168\" data-bgposition=\"center center\" data-bgfit=\"cover\" data-bgrepeat=\"no-repeat\" class=\"rev-slidebg\" data-no-retina>\n\t\t<!-- LAYERS -->\n\n\t\t<!-- LAYER NR. 1 -->\n\t\t<div class=\"tp-caption   tp-resizeme\" \n\t\t\t id=\"slide-26-layer-1\" \n\t\t\t data-x=\"center\" data-hoffset=\"\" \n\t\t\t data-y=\"10\" \n\t\t\t\t\t\tdata-width=\"['auto']\"\n\t\t\tdata-height=\"['auto']\"\n \n\t\t\tdata-type=\"text\" \n\t\t\tdata-basealign=\"slide\" \n\t\t\tdata-responsive_offset=\"on\" \n\n\t\t\tdata-frames='[{\"delay\":360,\"speed\":300,\"frame\":\"0\",\"from\":\"opacity:0;\",\"to\":\"o:1;\",\"ease\":\"Power3.easeInOut\"},{\"delay\":\"wait\",\"speed\":300,\"frame\":\"999\",\"to\":\"opacity:0;\",\"ease\":\"Power3.easeInOut\"}]'\n\t\t\tdata-textAlign=\"['inherit','inherit','inherit','inherit']\"\n\t\t\tdata-paddingtop=\"[0,0,0,0]\"\n\t\t\tdata-paddingright=\"[0,0,0,0]\"\n\t\t\tdata-paddingbottom=\"[0,0,0,0]\"\n\t\t\tdata-paddingleft=\"[0,0,0,0]\"\n\n\t\t\tstyle=\"z-index: 5; white-space: nowrap; font-size: 90px; line-height: 90px; font-weight: 400; color: #ffffff; letter-spacing: 0px;font-family:Mr De Haviland;\">H\u00f4tel Ma\u00eftagaria <\/div>\n\n\t\t<!-- LAYER NR. 2 -->\n\t\t<div class=\"tp-caption   tp-resizeme\" \n\t\t\t id=\"slide-26-layer-3\" \n\t\t\t data-x=\"center\" data-hoffset=\"\" \n\t\t\t data-y=\"center\" data-voffset=\"242\" \n\t\t\t\t\t\tdata-width=\"['auto']\"\n\t\t\tdata-height=\"['auto']\"\n \n\t\t\tdata-type=\"text\" \n\t\t\tdata-responsive_offset=\"on\" \n\n\t\t\tdata-frames='[{\"delay\":0,\"speed\":300,\"frame\":\"0\",\"from\":\"opacity:0;\",\"to\":\"o:1;\",\"ease\":\"Power3.easeInOut\"},{\"delay\":\"wait\",\"speed\":300,\"frame\":\"999\",\"to\":\"opacity:0;\",\"ease\":\"Power3.easeInOut\"}]'\n\t\t\tdata-textAlign=\"['inherit','inherit','inherit','inherit']\"\n\t\t\tdata-paddingtop=\"[0,0,0,0]\"\n\t\t\tdata-paddingright=\"[0,0,0,0]\"\n\t\t\tdata-paddingbottom=\"[0,0,0,0]\"\n\t\t\tdata-paddingleft=\"[0,0,0,0]\"\n\n\t\t\tstyle=\"z-index: 6; white-space: nowrap; font-size: 40px; line-height: 40px; font-weight: 100; color: #ffffff; letter-spacing: 0px;font-family:Lato;\"><span style=\"text-shadow: 1px 1px 1px #000000; font-size:40px;\">L'h\u00f4tel vous accueil en toute saison au c\u0153ur de Biarritz<\/span> <\/div>\n\n\t\t<!-- LAYER NR. 3 -->\n\t\t<div class=\"tp-caption   tp-resizeme\" \n\t\t\t id=\"slide-26-layer-5\" \n\t\t\t data-x=\"center\" data-hoffset=\"\" \n\t\t\t data-y=\"bottom\" data-voffset=\"25\" \n\t\t\t\t\t\tdata-width=\"['auto']\"\n\t\t\tdata-height=\"['auto']\"\n \n\t\t\tdata-type=\"text\" \n\t\t\tdata-basealign=\"slide\" \n\t\t\tdata-responsive_offset=\"on\" \n\n\t\t\tdata-frames='[{\"delay\":360,\"speed\":300,\"frame\":\"0\",\"from\":\"opacity:0;\",\"to\":\"o:1;\",\"ease\":\"Power3.easeInOut\"},{\"delay\":\"wait\",\"speed\":300,\"frame\":\"999\",\"to\":\"opacity:0;\",\"ease\":\"Power3.easeInOut\"}]'\n\t\t\tdata-textAlign=\"['inherit','inherit','inherit','inherit']\"\n\t\t\tdata-paddingtop=\"[0,0,0,0]\"\n\t\t\tdata-paddingright=\"[0,0,0,0]\"\n\t\t\tdata-paddingbottom=\"[0,0,0,0]\"\n\t\t\tdata-paddingleft=\"[0,0,0,0]\"\n\n\t\t\tstyle=\"z-index: 7; white-space: nowrap; font-size: 60px; line-height: 60px; font-weight: 200; color: #ffffff; letter-spacing: 0px;font-family:Montserrat;\">Notas legales <\/div>\n\t<\/li>\n<\/ul>\n<div class=\"tp-bannertimer tp-bottom\" style=\"visibility: hidden !important;\"><\/div>\t<\/div>\n<script>var htmlDiv = document.getElementById(\"rs-plugin-settings-inline-css\"); var htmlDivCss=\"\";\r\n\t\t\t\tif(htmlDiv) {\r\n\t\t\t\t\thtmlDiv.innerHTML = htmlDiv.innerHTML + htmlDivCss;\r\n\t\t\t\t}else{\r\n\t\t\t\t\tvar htmlDiv = document.createElement(\"div\");\r\n\t\t\t\t\thtmlDiv.innerHTML = \"<style>\" + htmlDivCss + \"<\/style>\";\r\n\t\t\t\t\tdocument.getElementsByTagName(\"head\")[0].appendChild(htmlDiv.childNodes[0]);\r\n\t\t\t\t}\r\n\t\t\t<\/script>\n\t\t<script type=\"text\/javascript\">\r\nif (setREVStartSize!==undefined) setREVStartSize(\r\n\t{c: '#rev_slider_12_1', gridwidth: [1240], gridheight: [250], sliderLayout: 'fullwidth'});\r\n\t\t\t\r\nvar revapi12,\r\n\ttpj;\t\r\n(function() {\t\t\t\r\n\tif (!\/loaded|interactive|complete\/.test(document.readyState)) document.addEventListener(\"DOMContentLoaded\",onLoad); else onLoad();\t\r\n\tfunction onLoad() {\t\t\t\t\r\n\t\tif (tpj===undefined) { tpj = jQuery; if(\"off\" == \"on\") tpj.noConflict();}\r\n\tif(tpj(\"#rev_slider_12_1\").revolution == undefined){\n\t\trevslider_showDoubleJqueryError(\"#rev_slider_12_1\");\n\t}else{\n\t\trevapi12 = tpj(\"#rev_slider_12_1\").show().revolution({\n\t\t\tsliderType:\"standard\",\n\t\t\tjsFileLocation:\"\/\/www.hotel-maitagaria.com\/wp-content\/plugins\/revslider\/public\/assets\/js\/\",\n\t\t\tsliderLayout:\"fullwidth\",\n\t\t\tdottedOverlay:\"none\",\n\t\t\tdelay:9000,\n\t\t\tnavigation: {\n\t\t\t\tonHoverStop:\"off\",\n\t\t\t},\n\t\t\tvisibilityLevels:[1240,1024,778,480],\n\t\t\tgridwidth:1240,\n\t\t\tgridheight:250,\n\t\t\tlazyType:\"none\",\n\t\t\tshadow:0,\n\t\t\tspinner:\"spinner0\",\n\t\t\tstopLoop:\"off\",\n\t\t\tstopAfterLoops:-1,\n\t\t\tstopAtSlide:-1,\n\t\t\tshuffle:\"off\",\n\t\t\tautoHeight:\"off\",\n\t\t\tdisableProgressBar:\"on\",\n\t\t\thideThumbsOnMobile:\"off\",\n\t\t\thideSliderAtLimit:0,\n\t\t\thideCaptionAtLimit:0,\n\t\t\thideAllCaptionAtLilmit:0,\n\t\t\tdebugMode:false,\n\t\t\tfallbacks: {\n\t\t\t\tsimplifyAll:\"off\",\n\t\t\t\tnextSlideOnWindowFocus:\"off\",\n\t\t\t\tdisableFocusListener:false,\n\t\t\t}\n\t\t});\n\t}; \/* END OF revapi call *\/\n\t\n }; \/* END OF ON LOAD FUNCTION *\/\r\n}()); \/* END OF WRAPPING FUNCTION *\/\r\n<\/script>\r\n\t\t<\/div><!-- END REVOLUTION SLIDER --><\/div>\n<\/div><\/div><\/div><!-- close content main div --><\/div><\/div><div id='av-layout-grid-1' class='av-layout-grid-container entry-content-wrapper main_color av-flex-cells    av-cell-min-height av-cell-min-height-50 container_wrap sidebar_right'   >\n<div class=\"flex_cell no_margin av_one_full   \" style='background: #ffffff; vertical-align:middle; padding:30px; background-color:#ffffff; '><div class='flex_cell_inner' ><p><div style='padding-bottom:50px; color:#444444;' class='av-special-heading av-special-heading-h1 custom-color-heading blockquote modern-quote modern-centered   '><h1 class='av-special-heading-tag '  itemprop=\"headline\"  ><span style=\"font-family: Mr De Haviland; color: #444444; font-size: 70px;\">M<\/span>entions l\u00e9gales<\/h1><div class='special-heading-border'><div class='special-heading-inner-border' style='border-color:#444444'><\/div><\/div><\/div><br \/>\n<div class=\"flex_column av_one_half  flex_column_div av-zero-column-padding first  \" style='border-radius:0px; '><section class=\"av_textblock_section \"  itemscope=\"itemscope\" itemtype=\"https:\/\/schema.org\/CreativeWork\" ><div class='avia_textblock  av_inherit_color '  style='color:#444444; '  itemprop=\"text\" ><h1><span style=\"font-family: Mr De Haviland; color: #444444; font-size: 70px;\">A<\/span>dministration \/ <span style=\"font-family: Mr De Haviland; color: #444444; font-size: 70px;\">E<\/span>dition<\/h1>\n<p><strong>Directeur de la publication :<\/strong><\/p>\n<p>Irub\u00e9tagoyena Eric-Patrick<br \/>\n34 Avenue Carnot<br \/>\n64200 Biarritz<\/p>\n<p>Tel : 05 59 24 26 65<br \/>\nE-mail :\u00a0<a href=\"mailto:hotel.maitagaria@wanadoo.fr\">hotel.maitagaria@wanadoo.fr<\/a><\/p>\n<p>N\u00b0 SIRET : 452\u00a0061\u00a0153\u00a0000 14<br \/>\nN\u00b0 RCS : 452\u00a0061\u00a0153<br \/>\nN\u00b0 de TVA : FR 87\u00a0452\u00a0061\u00a0153<\/p>\n<h1><span style=\"font-family: Mr De Haviland; color: #444444; font-size: 70px;\">C<\/span>onception<\/h1>\n<p><strong>SARL Novae Internet Communication<\/strong><\/p>\n<p>RCS Pau 433 390 887<\/p>\n<p>Technopole H\u00e9lioparc \u2013 2 avenue du Pr\u00e9sident Pierre Angot \u2013 64053 Pau cedex 09<\/p>\n<p>T\u00e9l. : 05 59 30 91 78 \u2013 Fax : 05 59 30 98 62<\/p>\n<p>Mail :\u00a0<a href=\"mailto:contact@novae-communication.com\">contact@novae-communication.com<\/a><\/p>\n<h1><span style=\"font-family: Mr De Haviland; color: #444444; font-size: 70px;\">H<\/span>\u00e9bergement<\/h1>\n<p><strong>SARL Novae Internet Communication<\/strong><\/p>\n<p>RCS Pau 433 390 887<\/p>\n<p>Technopole H\u00e9lioparc \u2013 2 avenue du Pr\u00e9sident Pierre Angot \u2013 64053 Pau cedex 09<\/p>\n<p>T\u00e9l. : 05 59 30 91 78 \u2013 Fax : 05 59 30 98 62<\/p>\n<p>Mail :\u00a0<a href=\"mailto:contact@novae-communication.com\">contact@novae-communication.com<\/a><\/p>\n<\/div><\/section><\/div><div class=\"flex_column av_one_half  flex_column_div av-zero-column-padding   \" style='border-radius:0px; '><section class=\"av_textblock_section \"  itemscope=\"itemscope\" itemtype=\"https:\/\/schema.org\/CreativeWork\" ><div class='avia_textblock  av_inherit_color '  style='color:#444444; '  itemprop=\"text\" ><h1><span style=\"font-family: Mr De Haviland; color: #444444; font-size: 70px;\">C<\/span>r\u00e9dit photo<\/h1>\n<p><strong>Galerie photo de Biarritz <\/strong>: Office de Tourisme de Biarritz<\/p>\n<h1><span style=\"font-family: Mr De Haviland; color: #444444; font-size: 70px;\">M<\/span>\u00e9diation du Cr\u00e9dit<\/h1>\n<p><strong>Les coordonn\u00e9es des correspondants :<\/strong><\/p>\n<p><strong><u>Sur Bayonne\u00a0:<\/u><\/strong><\/p>\n<p>M\u00e9diateur du Cr\u00e9dit D\u00e9l\u00e9gu\u00e9\u00a0: <strong>Monsieur Yannick Le Gouzouguec<\/strong><\/p>\n<p>Charg\u00e9e de la M\u00e9diation du Cr\u00e9dit\u00a0: <strong>Madame Nelly Popovic<\/strong>\u00a0 T\u00e9l.\u00a0: 05 59 46 40 52<\/p>\n<p><strong><u>Sur Pau\u00a0:<\/u><\/strong><\/p>\n<p>M\u00e9diateur du Cr\u00e9dit D\u00e9partemental\u00a0: <strong>Monsieur Beno\u00eet Gress<\/strong><\/p>\n<p>Charg\u00e9e de la M\u00e9diation du Cr\u00e9dit\u00a0: <strong>Madame Brigitte Tomasini<\/strong> T\u00e9l\u00a0: 05.59.82.28.10<\/p>\n<p>Le service de la M\u00e9diation d\u00e9partementale : <a href=\"mailto:mediation.credit.64@banque-france.fr\">mediation.credit.64@banque-france.fr<\/a><\/p>\n<\/div><\/section><\/div><\/p>\n<\/div><\/div><\/div>\n","protected":false},"excerpt":{"rendered":"","protected":false},"author":1,"featured_media":0,"parent":0,"menu_order":0,"comment_status":"closed","ping_status":"closed","template":"","meta":{"footnotes":""},"class_list":["post-429","page","type-page","status-publish","hentry"],"_links":{"self":[{"href":"https:\/\/www.hotel-maitagaria.com\/es\/wp-json\/wp\/v2\/pages\/429"}],"collection":[{"href":"https:\/\/www.hotel-maitagaria.com\/es\/wp-json\/wp\/v2\/pages"}],"about":[{"href":"https:\/\/www.hotel-maitagaria.com\/es\/wp-json\/wp\/v2\/types\/page"}],"author":[{"embeddable":true,"href":"https:\/\/www.hotel-maitagaria.com\/es\/wp-json\/wp\/v2\/users\/1"}],"replies":[{"embeddable":true,"href":"https:\/\/www.hotel-maitagaria.com\/es\/wp-json\/wp\/v2\/comments?post=429"}],"version-history":[{"count":5,"href":"https:\/\/www.hotel-maitagaria.com\/es\/wp-json\/wp\/v2\/pages\/429\/revisions"}],"predecessor-version":[{"id":527,"href":"https:\/\/www.hotel-maitagaria.com\/es\/wp-json\/wp\/v2\/pages\/429\/revisions\/527"}],"wp:attachment":[{"href":"https:\/\/www.hotel-maitagaria.com\/es\/wp-json\/wp\/v2\/media?parent=429"}],"curies":[{"name":"wp","href":"https:\/\/api.w.org\/{rel}","templated":true}]}}