{"id":442,"date":"2018-06-06T10:08:49","date_gmt":"2018-06-06T08:08:49","guid":{"rendered":"http:\/\/maitagar.novae.website\/?page_id=442"},"modified":"2018-06-06T10:43:47","modified_gmt":"2018-06-06T08:43:47","slug":"actualidad","status":"publish","type":"page","link":"https:\/\/www.hotel-maitagaria.com\/es\/actualidad\/","title":{"rendered":"Actualidad"},"content":{"rendered":"<div id='layer_slider_1' class='avia-layerslider main_color avia-shadow  container_wrap sidebar_right'    style='height: 251px;' ><link href=\"https:\/\/fonts.googleapis.com\/css?family=Mr+De+Haviland:400%7CLato:100%7CMontserrat:200\" rel=\"stylesheet\" property=\"stylesheet\" type=\"text\/css\" media=\"all\">\n<div id=\"rev_slider_16_1_wrapper\" class=\"rev_slider_wrapper fullwidthbanner-container\" data-source=\"gallery\" style=\"margin:0px auto;background:transparent;padding:0px;margin-top:0px;margin-bottom:0px;\">\n<!-- START REVOLUTION SLIDER 5.4.7.2 fullwidth mode -->\n\t<div id=\"rev_slider_16_1\" class=\"rev_slider fullwidthabanner\" style=\"display:none;\" data-version=\"5.4.7.2\">\n<ul>\t<!-- SLIDE  -->\n\t<li data-index=\"rs-30\" data-transition=\"fade\" data-slotamount=\"default\" data-hideafterloop=\"0\" data-hideslideonmobile=\"off\"  data-easein=\"default\" data-easeout=\"default\" data-masterspeed=\"300\"  data-rotate=\"0\"  data-saveperformance=\"off\"  data-title=\"Slide\" data-param1=\"\" data-param2=\"\" data-param3=\"\" data-param4=\"\" data-param5=\"\" data-param6=\"\" data-param7=\"\" data-param8=\"\" data-param9=\"\" data-param10=\"\" data-description=\"\">\n\t\t<!-- MAIN IMAGE -->\n\t\t<img loading=\"lazy\" decoding=\"async\" src=\"https:\/\/www.hotel-maitagaria.com\/wp-content\/uploads\/2018\/05\/MG_1194-min.jpg\"  alt=\"\" title=\"_MG_1194-min\"  width=\"2543\" height=\"1426\" data-bgposition=\"center center\" data-bgfit=\"cover\" data-bgrepeat=\"no-repeat\" class=\"rev-slidebg\" data-no-retina>\n\t\t<!-- LAYERS -->\n\n\t\t<!-- LAYER NR. 1 -->\n\t\t<div class=\"tp-caption   tp-resizeme\" \n\t\t\t id=\"slide-30-layer-1\" \n\t\t\t data-x=\"center\" data-hoffset=\"\" \n\t\t\t data-y=\"10\" \n\t\t\t\t\t\tdata-width=\"['auto']\"\n\t\t\tdata-height=\"['auto']\"\n \n\t\t\tdata-type=\"text\" \n\t\t\tdata-basealign=\"slide\" \n\t\t\tdata-responsive_offset=\"on\" \n\n\t\t\tdata-frames='[{\"delay\":360,\"speed\":300,\"frame\":\"0\",\"from\":\"opacity:0;\",\"to\":\"o:1;\",\"ease\":\"Power3.easeInOut\"},{\"delay\":\"wait\",\"speed\":300,\"frame\":\"999\",\"to\":\"opacity:0;\",\"ease\":\"Power3.easeInOut\"}]'\n\t\t\tdata-textAlign=\"['inherit','inherit','inherit','inherit']\"\n\t\t\tdata-paddingtop=\"[0,0,0,0]\"\n\t\t\tdata-paddingright=\"[0,0,0,0]\"\n\t\t\tdata-paddingbottom=\"[0,0,0,0]\"\n\t\t\tdata-paddingleft=\"[0,0,0,0]\"\n\n\t\t\tstyle=\"z-index: 5; white-space: nowrap; font-size: 90px; line-height: 90px; font-weight: 400; color: #ffffff; letter-spacing: 0px;font-family:Mr De Haviland;\">H\u00f4tel Ma\u00eftagaria <\/div>\n\n\t\t<!-- LAYER NR. 2 -->\n\t\t<div class=\"tp-caption   tp-resizeme\" \n\t\t\t id=\"slide-30-layer-3\" \n\t\t\t data-x=\"center\" data-hoffset=\"\" \n\t\t\t data-y=\"center\" data-voffset=\"242\" \n\t\t\t\t\t\tdata-width=\"['auto']\"\n\t\t\tdata-height=\"['auto']\"\n \n\t\t\tdata-type=\"text\" \n\t\t\tdata-responsive_offset=\"on\" \n\n\t\t\tdata-frames='[{\"delay\":0,\"speed\":300,\"frame\":\"0\",\"from\":\"opacity:0;\",\"to\":\"o:1;\",\"ease\":\"Power3.easeInOut\"},{\"delay\":\"wait\",\"speed\":300,\"frame\":\"999\",\"to\":\"opacity:0;\",\"ease\":\"Power3.easeInOut\"}]'\n\t\t\tdata-textAlign=\"['inherit','inherit','inherit','inherit']\"\n\t\t\tdata-paddingtop=\"[0,0,0,0]\"\n\t\t\tdata-paddingright=\"[0,0,0,0]\"\n\t\t\tdata-paddingbottom=\"[0,0,0,0]\"\n\t\t\tdata-paddingleft=\"[0,0,0,0]\"\n\n\t\t\tstyle=\"z-index: 6; white-space: nowrap; font-size: 40px; line-height: 40px; font-weight: 100; color: #ffffff; letter-spacing: 0px;font-family:Lato;\"><span style=\"text-shadow: 1px 1px 1px #000000; font-size:40px;\">L'h\u00f4tel vous accueil en toute saison au c\u0153ur de Biarritz<\/span> <\/div>\n\n\t\t<!-- LAYER NR. 3 -->\n\t\t<div class=\"tp-caption   tp-resizeme\" \n\t\t\t id=\"slide-30-layer-5\" \n\t\t\t data-x=\"center\" data-hoffset=\"\" \n\t\t\t data-y=\"bottom\" data-voffset=\"25\" \n\t\t\t\t\t\tdata-width=\"['auto']\"\n\t\t\tdata-height=\"['auto']\"\n \n\t\t\tdata-type=\"text\" \n\t\t\tdata-basealign=\"slide\" \n\t\t\tdata-responsive_offset=\"on\" \n\n\t\t\tdata-frames='[{\"delay\":360,\"speed\":300,\"frame\":\"0\",\"from\":\"opacity:0;\",\"to\":\"o:1;\",\"ease\":\"Power3.easeInOut\"},{\"delay\":\"wait\",\"speed\":300,\"frame\":\"999\",\"to\":\"opacity:0;\",\"ease\":\"Power3.easeInOut\"}]'\n\t\t\tdata-textAlign=\"['inherit','inherit','inherit','inherit']\"\n\t\t\tdata-paddingtop=\"[0,0,0,0]\"\n\t\t\tdata-paddingright=\"[0,0,0,0]\"\n\t\t\tdata-paddingbottom=\"[0,0,0,0]\"\n\t\t\tdata-paddingleft=\"[0,0,0,0]\"\n\n\t\t\tstyle=\"z-index: 7; white-space: nowrap; font-size: 60px; line-height: 60px; font-weight: 200; color: #ffffff; letter-spacing: 0px;font-family:Montserrat;\">Actualidad <\/div>\n\t<\/li>\n<\/ul>\n<div class=\"tp-bannertimer tp-bottom\" style=\"visibility: hidden !important;\"><\/div>\t<\/div>\n<script>var htmlDiv = document.getElementById(\"rs-plugin-settings-inline-css\"); var htmlDivCss=\"\";\r\n\t\t\t\tif(htmlDiv) {\r\n\t\t\t\t\thtmlDiv.innerHTML = htmlDiv.innerHTML + htmlDivCss;\r\n\t\t\t\t}else{\r\n\t\t\t\t\tvar htmlDiv = document.createElement(\"div\");\r\n\t\t\t\t\thtmlDiv.innerHTML = \"<style>\" + htmlDivCss + \"<\/style>\";\r\n\t\t\t\t\tdocument.getElementsByTagName(\"head\")[0].appendChild(htmlDiv.childNodes[0]);\r\n\t\t\t\t}\r\n\t\t\t<\/script>\n\t\t<script type=\"text\/javascript\">\r\nif (setREVStartSize!==undefined) setREVStartSize(\r\n\t{c: '#rev_slider_16_1', gridwidth: [1240], gridheight: [250], sliderLayout: 'fullwidth'});\r\n\t\t\t\r\nvar revapi16,\r\n\ttpj;\t\r\n(function() {\t\t\t\r\n\tif (!\/loaded|interactive|complete\/.test(document.readyState)) document.addEventListener(\"DOMContentLoaded\",onLoad); else onLoad();\t\r\n\tfunction onLoad() {\t\t\t\t\r\n\t\tif (tpj===undefined) { tpj = jQuery; if(\"off\" == \"on\") tpj.noConflict();}\r\n\tif(tpj(\"#rev_slider_16_1\").revolution == undefined){\n\t\trevslider_showDoubleJqueryError(\"#rev_slider_16_1\");\n\t}else{\n\t\trevapi16 = tpj(\"#rev_slider_16_1\").show().revolution({\n\t\t\tsliderType:\"standard\",\n\t\t\tjsFileLocation:\"\/\/www.hotel-maitagaria.com\/wp-content\/plugins\/revslider\/public\/assets\/js\/\",\n\t\t\tsliderLayout:\"fullwidth\",\n\t\t\tdottedOverlay:\"none\",\n\t\t\tdelay:9000,\n\t\t\tnavigation: {\n\t\t\t\tonHoverStop:\"off\",\n\t\t\t},\n\t\t\tvisibilityLevels:[1240,1024,778,480],\n\t\t\tgridwidth:1240,\n\t\t\tgridheight:250,\n\t\t\tlazyType:\"none\",\n\t\t\tshadow:0,\n\t\t\tspinner:\"spinner0\",\n\t\t\tstopLoop:\"off\",\n\t\t\tstopAfterLoops:-1,\n\t\t\tstopAtSlide:-1,\n\t\t\tshuffle:\"off\",\n\t\t\tautoHeight:\"off\",\n\t\t\tdisableProgressBar:\"on\",\n\t\t\thideThumbsOnMobile:\"off\",\n\t\t\thideSliderAtLimit:0,\n\t\t\thideCaptionAtLimit:0,\n\t\t\thideAllCaptionAtLilmit:0,\n\t\t\tdebugMode:false,\n\t\t\tfallbacks: {\n\t\t\t\tsimplifyAll:\"off\",\n\t\t\t\tnextSlideOnWindowFocus:\"off\",\n\t\t\t\tdisableFocusListener:false,\n\t\t\t}\n\t\t});\n\t}; \/* END OF revapi call *\/\n\t\n }; \/* END OF ON LOAD FUNCTION *\/\r\n}()); \/* END OF WRAPPING FUNCTION *\/\r\n<\/script>\r\n\t\t<\/div><!-- END REVOLUTION SLIDER --><\/div>\n<\/div><\/div><\/div><!-- close content main div --><\/div><\/div><div id='av-layout-grid-1' class='av-layout-grid-container entry-content-wrapper main_color av-flex-cells    av-cell-min-height av-cell-min-height-50 container_wrap sidebar_right'   >\n<div class=\"flex_cell no_margin av_one_half   \" style='background: #ffffff; vertical-align:middle; padding:30px; background-color:#ffffff; '><div class='flex_cell_inner' ><section class=\"av_textblock_section \"  itemscope=\"itemscope\" itemtype=\"https:\/\/schema.org\/CreativeWork\" ><div class='avia_textblock  av_inherit_color '  style='color:#444444; '  itemprop=\"text\" ><p style=\"text-align: center;\"><span style=\"font-family: Mr De Haviland; font-size: 70px; color: #444444;\">A<\/span>ctualidad<\/p>\n<p style=\"text-align: left;\"><span style=\"font-family: Mr De Haviland; font-size: 70px; color: #444444;\">J<\/span>uin<\/p>\n<p><strong>WHEELS AND WAVES<\/strong> : du 14 au 17 juin : La Septi\u00e8me \u00e9dition de Wheels and Waves prendra place \u00e0 la Cit\u00e9 de L\u2019Ocean \u00e0 Biarritz. Quatre jours de Moto, surf, skate, musique.<\/p>\n<p>Lien : <a href=\"http:\/\/www.wheels-and-waves.com\" target=\"_blank\" rel=\"noopener\">www.wheels-and-waves.com<\/a><\/p>\n<p><strong>FETE DE LA MUSIQUE<\/strong> : 21 juin<\/p>\n<p>Lien : <a href=\"http:\/\/www.biarritz-evenement.fr\" target=\"_blank\" rel=\"noopener\">www.biarritz-evenement.fr<\/a><\/p>\n<p><strong>LES CASETAS<\/strong> : du 20 au 24 juin Quand les bodegas et restaurants prennent leur quartier d\u2019\u00e9t\u00e9 sur la plage de la C\u00f4te des Basques\u2026 En journ\u00e9e comme en soir\u00e9e, le rendez-vous des Casetas c\u2019est avant tout une opportunit\u00e9 unique de profiter d\u2019un des plus beaux sites de la c\u00f4te basque autour d\u2019une f\u00eate interg\u00e9n\u00e9rationnelle et conviviale.<\/p>\n<p>Lien : <a href=\"http:\/\/www.biarritz-evenement.fr\" target=\"_blank\" rel=\"noopener\">www.biarritz-evenement.fr<\/a><\/p>\n<\/div><\/section><br \/>\n<div style='height:50px' class='hr hr-invisible  '><span class='hr-inner ' ><span class='hr-inner-style'><\/span><\/span><\/div><br \/>\n<section class=\"av_textblock_section \"  itemscope=\"itemscope\" itemtype=\"https:\/\/schema.org\/CreativeWork\" ><div class='avia_textblock  av_inherit_color '  style='color:#444444; '  itemprop=\"text\" ><p style=\"text-align: left;\"><span style=\"font-family: Mr De Haviland; font-size: 70px; color: #444444;\">J<\/span>uillet<\/p>\n<p><strong>COURSES AU TROT A L\u2019HIPPODROME DE BIARRITZ<\/strong> : les 4 \u2013 5 \u2013 7 \u2013 10 \u2013 12 \u2013 13 \u2013 17 \u2013 18 \u2013 20 \u2013 24 \u2013 26 \u2013 28 et 31 juillet La piste de l&#8217;Hippodrome des Fleurs est sans doute l&#8217;une des plus courtes de France, avec son d\u00e9veloppement de 803 m\u00e8tres, mais, est celle qui, par sa proximit\u00e9, permet au public de participer \u00e0 l&#8217;action elle-m\u00eame.<\/p>\n<p>Lien : <a href=\"http:\/\/www.hippodrome-biarritz.com\" target=\"_blank\" rel=\"noopener\">www.hippodrome-biarritz.com<\/a><\/p>\n<p><strong>EXPOSITION PICASSO \u00e0 BIARRITZ (1918 \u2013 2018)<\/strong> : du 7 juillet au 30 septembre L\u2019\u00e9t\u00e9 1918, Picasso et sa femme Olga, danseuse des Ballets russes, s\u00e9journent \u00e0 Biarritz \u00e0 l\u2019occasion de leur voyage de noces, suite \u00e0 l\u2019invitation de Madame Errazuriz, aristocrate d\u2019origine chilienne, qui deviendra m\u00e9c\u00e8ne et grande amie de l\u2019artiste. Le Bellevue. Renseignements durant l\u2019exposition : le Bellevue.<\/p>\n<p>T\u00e9l : <a href=\"tel:+33559015920\" target=\"_blank\" rel=\"noopener\">05 59 01 59 20<\/a><\/p>\n<p>Organisation : Affaires culturelles <a href=\"tel:+33559415750\" target=\"_blank\" rel=\"noopener\">05 59 41 57 50<\/a><\/p>\n<p>Mail : <a href=\"mailto:culture@biarritz.fr\">culture@biarritz.fr<\/a><\/p>\n<p>Lien : <a href=\"http:\/\/www.biarritz.fr\" target=\"_blank\" rel=\"noopener\">www.biarritz.fr<\/a><\/p>\n<p><strong>FEU D\u2019ARTIFICES<\/strong> : samedi 14 juillet<\/p>\n<p><strong>BIARRITZ EN ETE<\/strong> : du 20 au 22 juillet Festival de musique aux Jardins de la Cit\u00e9 de l\u2019Oc\u00e9an Nouveaut\u00e9 !<\/p>\n<p><strong>FESTIVAL INTERNATIONAL PIANO CLASSIQUE<\/strong> : du 30 juillet au 08 ao\u00fbt Concerts de piano classique r\u00e9unissant des musiciens de renomm\u00e9e internationale.<\/p>\n<p>Lien : <a href=\"http:\/\/www.festivalpianoclassique.com\" target=\"_blank\" rel=\"noopener\">www.festivalpianoclassique.com<\/a><\/p>\n<\/div><\/section><\/p>\n<\/div><\/div><div class=\"flex_cell no_margin av_one_half   \" style='vertical-align:middle; padding:50px; '><div class='flex_cell_inner' ><section class=\"av_textblock_section \"  itemscope=\"itemscope\" itemtype=\"https:\/\/schema.org\/CreativeWork\" ><div class='avia_textblock  '   itemprop=\"text\" ><p style=\"text-align: center;\"><span style=\"font-family: Mr De Haviland; font-size: 70px; color: #fff;\">P<\/span>romociones<\/p>\n<p>Prix sp\u00e9ciaux pour les festivals<\/p>\n<\/div><\/section>\n<\/div><\/div>\n<\/div>\n","protected":false},"excerpt":{"rendered":"","protected":false},"author":1,"featured_media":0,"parent":0,"menu_order":0,"comment_status":"closed","ping_status":"closed","template":"","meta":{"footnotes":""},"class_list":["post-442","page","type-page","status-publish","hentry"],"_links":{"self":[{"href":"https:\/\/www.hotel-maitagaria.com\/es\/wp-json\/wp\/v2\/pages\/442"}],"collection":[{"href":"https:\/\/www.hotel-maitagaria.com\/es\/wp-json\/wp\/v2\/pages"}],"about":[{"href":"https:\/\/www.hotel-maitagaria.com\/es\/wp-json\/wp\/v2\/types\/page"}],"author":[{"embeddable":true,"href":"https:\/\/www.hotel-maitagaria.com\/es\/wp-json\/wp\/v2\/users\/1"}],"replies":[{"embeddable":true,"href":"https:\/\/www.hotel-maitagaria.com\/es\/wp-json\/wp\/v2\/comments?post=442"}],"version-history":[{"count":2,"href":"https:\/\/www.hotel-maitagaria.com\/es\/wp-json\/wp\/v2\/pages\/442\/revisions"}],"predecessor-version":[{"id":472,"href":"https:\/\/www.hotel-maitagaria.com\/es\/wp-json\/wp\/v2\/pages\/442\/revisions\/472"}],"wp:attachment":[{"href":"https:\/\/www.hotel-maitagaria.com\/es\/wp-json\/wp\/v2\/media?parent=442"}],"curies":[{"name":"wp","href":"https:\/\/api.w.org\/{rel}","templated":true}]}}